{"id":105,"date":"2024-09-29T19:33:59","date_gmt":"2024-09-29T19:33:59","guid":{"rendered":"https:\/\/kirakovacs.bitberry.tech\/?page_id=105"},"modified":"2025-09-26T07:41:15","modified_gmt":"2025-09-26T07:41:15","slug":"deviations","status":"publish","type":"page","link":"https:\/\/kirakovacs.com\/en\/deviations\/","title":{"rendered":"Deviations"},"content":{"rendered":"","protected":false},"excerpt":{"rendered":"","protected":false},"author":1,"featured_media":0,"parent":0,"menu_order":0,"comment_status":"closed","ping_status":"closed","template":"","meta":{"footnotes":""},"class_list":["post-105","page","type-page","status-publish","hentry"],"yoast_head":"<!-- This site is optimized with the Yoast SEO plugin v24.5 - https:\/\/yoast.com\/wordpress\/plugins\/seo\/ -->\n<title>Elt\u00e9r\u00e9sek - Kov\u00e1cs Kira - TSMT Training<\/title>\n<meta name=\"robots\" content=\"index, follow, max-snippet:-1, max-image-preview:large, max-video-preview:-1\" \/>\n<link rel=\"canonical\" href=\"https:\/\/kirakovacs.com\/en\/deviations\/\" \/>\n<meta property=\"og:locale\" content=\"en_GB\" \/>\n<meta property=\"og:type\" content=\"article\" \/>\n<meta property=\"og:title\" content=\"Elt\u00e9r\u00e9sek - Kov\u00e1cs Kira - TSMT Training\" \/>\n<meta property=\"og:url\" content=\"https:\/\/kirakovacs.com\/en\/deviations\/\" \/>\n<meta property=\"og:site_name\" content=\"Kov\u00e1cs Kira - TSMT Training\" \/>\n<meta property=\"article:modified_time\" content=\"2025-09-26T07:41:15+00:00\" \/>\n<meta name=\"twitter:card\" content=\"summary_large_image\" \/>\n<meta name=\"twitter:label1\" content=\"Estimated reading time\" \/>\n\t<meta name=\"twitter:data1\" content=\"2 minutes\" \/>\n<script type=\"application\/ld+json\" class=\"yoast-schema-graph\">{\"@context\":\"https:\/\/schema.org\",\"@graph\":[{\"@type\":\"WebPage\",\"@id\":\"https:\/\/kirakovacs.com\/deviations\/\",\"url\":\"https:\/\/kirakovacs.com\/deviations\/\",\"name\":\"Elt\u00e9r\u00e9sek - Kov\u00e1cs Kira - TSMT Training\",\"isPartOf\":{\"@id\":\"https:\/\/kirakovacs.com\/#website\"},\"datePublished\":\"2024-09-29T19:33:59+00:00\",\"dateModified\":\"2025-09-26T07:41:15+00:00\",\"breadcrumb\":{\"@id\":\"https:\/\/kirakovacs.com\/deviations\/#breadcrumb\"},\"inLanguage\":\"en-GB\",\"potentialAction\":[{\"@type\":\"ReadAction\",\"target\":[\"https:\/\/kirakovacs.com\/deviations\/\"]}]},{\"@type\":\"BreadcrumbList\",\"@id\":\"https:\/\/kirakovacs.com\/deviations\/#breadcrumb\",\"itemListElement\":[{\"@type\":\"ListItem\",\"position\":1,\"name\":\"Home\",\"item\":\"https:\/\/kirakovacs.com\/\"},{\"@type\":\"ListItem\",\"position\":2,\"name\":\"Elt\u00e9r\u00e9sek\"}]},{\"@type\":\"WebSite\",\"@id\":\"https:\/\/kirakovacs.com\/#website\",\"url\":\"https:\/\/kirakovacs.com\/\",\"name\":\"Kov\u00e1cs Kira - TSMT Training\",\"description\":\"\",\"potentialAction\":[{\"@type\":\"SearchAction\",\"target\":{\"@type\":\"EntryPoint\",\"urlTemplate\":\"https:\/\/kirakovacs.com\/?s={search_term_string}\"},\"query-input\":{\"@type\":\"PropertyValueSpecification\",\"valueRequired\":true,\"valueName\":\"search_term_string\"}}],\"inLanguage\":\"en-GB\"}]}<\/script>\n<!-- \/ Yoast SEO plugin. -->","yoast_head_json":{"title":"Elt\u00e9r\u00e9sek - Kov\u00e1cs Kira - TSMT Training","robots":{"index":"index","follow":"follow","max-snippet":"max-snippet:-1","max-image-preview":"max-image-preview:large","max-video-preview":"max-video-preview:-1"},"canonical":"https:\/\/kirakovacs.com\/en\/deviations\/","og_locale":"en_GB","og_type":"article","og_title":"Elt\u00e9r\u00e9sek - Kov\u00e1cs Kira - TSMT Training","og_url":"https:\/\/kirakovacs.com\/en\/deviations\/","og_site_name":"Kov\u00e1cs Kira - TSMT Training","article_modified_time":"2025-09-26T07:41:15+00:00","twitter_card":"summary_large_image","twitter_misc":{"Estimated reading time":"2 minutes"},"schema":{"@context":"https:\/\/schema.org","@graph":[{"@type":"WebPage","@id":"https:\/\/kirakovacs.com\/deviations\/","url":"https:\/\/kirakovacs.com\/deviations\/","name":"Elt\u00e9r\u00e9sek - Kov\u00e1cs Kira - TSMT Training","isPartOf":{"@id":"https:\/\/kirakovacs.com\/#website"},"datePublished":"2024-09-29T19:33:59+00:00","dateModified":"2025-09-26T07:41:15+00:00","breadcrumb":{"@id":"https:\/\/kirakovacs.com\/deviations\/#breadcrumb"},"inLanguage":"en-GB","potentialAction":[{"@type":"ReadAction","target":["https:\/\/kirakovacs.com\/deviations\/"]}]},{"@type":"BreadcrumbList","@id":"https:\/\/kirakovacs.com\/deviations\/#breadcrumb","itemListElement":[{"@type":"ListItem","position":1,"name":"Home","item":"https:\/\/kirakovacs.com\/"},{"@type":"ListItem","position":2,"name":"Elt\u00e9r\u00e9sek"}]},{"@type":"WebSite","@id":"https:\/\/kirakovacs.com\/#website","url":"https:\/\/kirakovacs.com\/","name":"Kov\u00e1cs Kira - TSMT Training","description":"","potentialAction":[{"@type":"SearchAction","target":{"@type":"EntryPoint","urlTemplate":"https:\/\/kirakovacs.com\/?s={search_term_string}"},"query-input":{"@type":"PropertyValueSpecification","valueRequired":true,"valueName":"search_term_string"}}],"inLanguage":"en-GB"}]}},"_links":{"self":[{"href":"https:\/\/kirakovacs.com\/en\/wp-json\/wp\/v2\/pages\/105","targetHints":{"allow":["GET"]}}],"collection":[{"href":"https:\/\/kirakovacs.com\/en\/wp-json\/wp\/v2\/pages"}],"about":[{"href":"https:\/\/kirakovacs.com\/en\/wp-json\/wp\/v2\/types\/page"}],"author":[{"embeddable":true,"href":"https:\/\/kirakovacs.com\/en\/wp-json\/wp\/v2\/users\/1"}],"replies":[{"embeddable":true,"href":"https:\/\/kirakovacs.com\/en\/wp-json\/wp\/v2\/comments?post=105"}],"version-history":[{"count":6,"href":"https:\/\/kirakovacs.com\/en\/wp-json\/wp\/v2\/pages\/105\/revisions"}],"predecessor-version":[{"id":1582,"href":"https:\/\/kirakovacs.com\/en\/wp-json\/wp\/v2\/pages\/105\/revisions\/1582"}],"wp:attachment":[{"href":"https:\/\/kirakovacs.com\/en\/wp-json\/wp\/v2\/media?parent=105"}],"curies":[{"name":"wp","href":"https:\/\/api.w.org\/{rel}","templated":true}]}}